{"id":144,"date":"2024-08-05T09:17:33","date_gmt":"2024-08-05T09:17:33","guid":{"rendered":"https:\/\/bestboats.com.br\/sobre\/"},"modified":"2024-08-05T09:17:33","modified_gmt":"2024-08-05T09:17:33","slug":"circa","status":"publish","type":"page","link":"https:\/\/bestboats.com.br\/it\/circa\/","title":{"rendered":"Circa"},"content":{"rendered":"<html><body><p>Se avete domande sul Sito, sulla Pubblicit\u00e0 o su qualsiasi altra questione, non esitate a contattarci, saremo lieti di rispondervi sulla nostra pagina di contatto, lavoriamo 24 ore su 24 in questo settore e abbiamo sufficiente esperienza per fornire invio a <strong>EstiloUni.cott.com<\/strong><\/p>\n<\/body><\/html>","protected":false},"excerpt":{"rendered":"<p>Se avete domande sul Sito, sulla pubblicit\u00e0 o su qualsiasi altra questione, non esitate a contattarci, saremo lieti di rispondervi sulla nostra pagina di contatto, lavoriamo 24 ore su 24 in questo settore e abbiamo sufficiente esperienza per fornire invio a EstiloUni.cott.com<\/p>","protected":false},"author":1,"featured_media":0,"parent":0,"menu_order":0,"comment_status":"closed","ping_status":"closed","template":"","meta":{"footnotes":""},"class_list":["post-144","page","type-page","status-publish","hentry"],"yoast_head":"<!-- This site is optimized with the Yoast SEO plugin v25.6 - https:\/\/yoast.com\/wordpress\/plugins\/seo\/ -->\n<title>Sobre - Blog de Noticias de Aplicativos e dicas de Finan\u00e7as<\/title>\n<meta name=\"robots\" content=\"index, follow, max-snippet:-1, max-image-preview:large, max-video-preview:-1\" \/>\n<link rel=\"canonical\" href=\"https:\/\/bestboats.com.br\/it\/circa\/\" \/>\n<meta property=\"og:locale\" content=\"it_IT\" \/>\n<meta property=\"og:type\" content=\"article\" \/>\n<meta property=\"og:title\" content=\"Sobre - Blog de Noticias de Aplicativos e dicas de Finan\u00e7as\" \/>\n<meta property=\"og:description\" content=\"Se voc\u00ea tiver alguma d\u00favida sobre o Site, Publicidade e qualquer outro assunto, n\u00e3o hesite em nos contatar, estamos ansiosos para respond\u00ea-lo em nossa p\u00e1gina de contato, trabalhamos 24 horas neste campo e temos experi\u00eancia suficiente para fornecer enviar para EstiloUni.cott.com\" \/>\n<meta property=\"og:url\" content=\"https:\/\/bestboats.com.br\/it\/circa\/\" \/>\n<meta property=\"og:site_name\" content=\"Blog de Noticias de Aplicativos e dicas de Finan\u00e7as\" \/>\n<meta name=\"twitter:card\" content=\"summary_large_image\" \/>\n<script type=\"application\/ld+json\" class=\"yoast-schema-graph\">{\"@context\":\"https:\/\/schema.org\",\"@graph\":[{\"@type\":\"WebPage\",\"@id\":\"https:\/\/bestboats.com.br\/sobre\/\",\"url\":\"https:\/\/bestboats.com.br\/sobre\/\",\"name\":\"Sobre - Blog de Noticias de Aplicativos e dicas de Finan\u00e7as\",\"isPartOf\":{\"@id\":\"https:\/\/bestboats.com.br\/#website\"},\"datePublished\":\"2024-08-05T09:17:33+00:00\",\"breadcrumb\":{\"@id\":\"https:\/\/bestboats.com.br\/sobre\/#breadcrumb\"},\"inLanguage\":\"it-IT\",\"potentialAction\":[{\"@type\":\"ReadAction\",\"target\":[\"https:\/\/bestboats.com.br\/sobre\/\"]}]},{\"@type\":\"BreadcrumbList\",\"@id\":\"https:\/\/bestboats.com.br\/sobre\/#breadcrumb\",\"itemListElement\":[{\"@type\":\"ListItem\",\"position\":1,\"name\":\"Home\",\"item\":\"https:\/\/bestboats.com.br\/\"},{\"@type\":\"ListItem\",\"position\":2,\"name\":\"Sobre\"}]},{\"@type\":\"WebSite\",\"@id\":\"https:\/\/bestboats.com.br\/#website\",\"url\":\"https:\/\/bestboats.com.br\/\",\"name\":\"Blog de Noticias de Aplicativos e dicas de Finan\u00e7as\",\"description\":\"Blog de Noticias de Aplicativos e dicas de Finan\u00e7as\",\"publisher\":{\"@id\":\"https:\/\/bestboats.com.br\/#\/schema\/person\/7cdfc28cf36c5a02d28412e959fde5ce\"},\"potentialAction\":[{\"@type\":\"SearchAction\",\"target\":{\"@type\":\"EntryPoint\",\"urlTemplate\":\"https:\/\/bestboats.com.br\/?s={search_term_string}\"},\"query-input\":{\"@type\":\"PropertyValueSpecification\",\"valueRequired\":true,\"valueName\":\"search_term_string\"}}],\"inLanguage\":\"it-IT\"},{\"@type\":[\"Person\",\"Organization\"],\"@id\":\"https:\/\/bestboats.com.br\/#\/schema\/person\/7cdfc28cf36c5a02d28412e959fde5ce\",\"name\":\"wesley\",\"image\":{\"@type\":\"ImageObject\",\"inLanguage\":\"it-IT\",\"@id\":\"https:\/\/bestboats.com.br\/#\/schema\/person\/image\/\",\"url\":\"https:\/\/bestboats.com.br\/wp-content\/uploads\/2024\/08\/cropped-BEST-BOATS-LOGO.png\",\"contentUrl\":\"https:\/\/bestboats.com.br\/wp-content\/uploads\/2024\/08\/cropped-BEST-BOATS-LOGO.png\",\"width\":250,\"height\":70,\"caption\":\"wesley\"},\"logo\":{\"@id\":\"https:\/\/bestboats.com.br\/#\/schema\/person\/image\/\"}}]}<\/script>\n<!-- \/ Yoast SEO plugin. -->","yoast_head_json":{"title":"Informazioni - Blog di notizie sulle applicazioni e consigli finanziari","robots":{"index":"index","follow":"follow","max-snippet":"max-snippet:-1","max-image-preview":"max-image-preview:large","max-video-preview":"max-video-preview:-1"},"canonical":"https:\/\/bestboats.com.br\/it\/circa\/","og_locale":"it_IT","og_type":"article","og_title":"Sobre - Blog de Noticias de Aplicativos e dicas de Finan\u00e7as","og_description":"Se voc\u00ea tiver alguma d\u00favida sobre o Site, Publicidade e qualquer outro assunto, n\u00e3o hesite em nos contatar, estamos ansiosos para respond\u00ea-lo em nossa p\u00e1gina de contato, trabalhamos 24 horas neste campo e temos experi\u00eancia suficiente para fornecer enviar para EstiloUni.cott.com","og_url":"https:\/\/bestboats.com.br\/it\/circa\/","og_site_name":"Blog de Noticias de Aplicativos e dicas de Finan\u00e7as","twitter_card":"summary_large_image","schema":{"@context":"https:\/\/schema.org","@graph":[{"@type":"WebPage","@id":"https:\/\/bestboats.com.br\/sobre\/","url":"https:\/\/bestboats.com.br\/sobre\/","name":"Informazioni - Blog di notizie sulle applicazioni e consigli finanziari","isPartOf":{"@id":"https:\/\/bestboats.com.br\/#website"},"datePublished":"2024-08-05T09:17:33+00:00","breadcrumb":{"@id":"https:\/\/bestboats.com.br\/sobre\/#breadcrumb"},"inLanguage":"it-IT","potentialAction":[{"@type":"ReadAction","target":["https:\/\/bestboats.com.br\/sobre\/"]}]},{"@type":"BreadcrumbList","@id":"https:\/\/bestboats.com.br\/sobre\/#breadcrumb","itemListElement":[{"@type":"ListItem","position":1,"name":"Home","item":"https:\/\/bestboats.com.br\/"},{"@type":"ListItem","position":2,"name":"Sobre"}]},{"@type":"WebSite","@id":"https:\/\/bestboats.com.br\/#website","url":"https:\/\/bestboats.com.br\/","name":"Blog di notizie sulle applicazioni e consigli finanziari","description":"Blog di notizie sulle applicazioni e consigli finanziari","publisher":{"@id":"https:\/\/bestboats.com.br\/#\/schema\/person\/7cdfc28cf36c5a02d28412e959fde5ce"},"potentialAction":[{"@type":"SearchAction","target":{"@type":"EntryPoint","urlTemplate":"https:\/\/bestboats.com.br\/?s={search_term_string}"},"query-input":{"@type":"PropertyValueSpecification","valueRequired":true,"valueName":"search_term_string"}}],"inLanguage":"it-IT"},{"@type":["Person","Organization"],"@id":"https:\/\/bestboats.com.br\/#\/schema\/person\/7cdfc28cf36c5a02d28412e959fde5ce","name":"wesley","image":{"@type":"ImageObject","inLanguage":"it-IT","@id":"https:\/\/bestboats.com.br\/#\/schema\/person\/image\/","url":"https:\/\/bestboats.com.br\/wp-content\/uploads\/2024\/08\/cropped-BEST-BOATS-LOGO.png","contentUrl":"https:\/\/bestboats.com.br\/wp-content\/uploads\/2024\/08\/cropped-BEST-BOATS-LOGO.png","width":250,"height":70,"caption":"wesley"},"logo":{"@id":"https:\/\/bestboats.com.br\/#\/schema\/person\/image\/"}}]}},"_links":{"self":[{"href":"https:\/\/bestboats.com.br\/it\/wp-json\/wp\/v2\/pages\/144"}],"collection":[{"href":"https:\/\/bestboats.com.br\/it\/wp-json\/wp\/v2\/pages"}],"about":[{"href":"https:\/\/bestboats.com.br\/it\/wp-json\/wp\/v2\/types\/page"}],"author":[{"embeddable":true,"href":"https:\/\/bestboats.com.br\/it\/wp-json\/wp\/v2\/users\/1"}],"replies":[{"embeddable":true,"href":"https:\/\/bestboats.com.br\/it\/wp-json\/wp\/v2\/comments?post=144"}],"version-history":[{"count":0,"href":"https:\/\/bestboats.com.br\/it\/wp-json\/wp\/v2\/pages\/144\/revisions"}],"wp:attachment":[{"href":"https:\/\/bestboats.com.br\/it\/wp-json\/wp\/v2\/media?parent=144"}],"curies":[{"name":"wp","href":"https:\/\/api.w.org\/{rel}","templated":true}]}}